{"id":58,"date":"2014-01-16T23:46:15","date_gmt":"2014-01-16T22:46:15","guid":{"rendered":"http:\/\/www.djupvik.se\/new\/?page_id=58"},"modified":"2023-04-06T09:42:12","modified_gmt":"2023-04-06T07:42:12","slug":"kontakt-info","status":"publish","type":"page","link":"https:\/\/www.djupvik.se\/?page_id=58","title":{"rendered":"Kontakt &#038; Info"},"content":{"rendered":"<div id=\"attachment_1809\" style=\"width: 310px\" class=\"wp-caption alignright\"><img aria-describedby=\"caption-attachment-1809\" decoding=\"async\" loading=\"lazy\" class=\"wp-image-1809 size-medium\" src=\"http:\/\/www.djupvik.se\/wp-content\/uploads\/2015\/12\/Familjen-p\u00e5-v\u00e4g-till-Ester\u00f6n-300x225.jpg\" alt=\"\" width=\"300\" height=\"225\" srcset=\"https:\/\/www.djupvik.se\/wp-content\/uploads\/2015\/12\/Familjen-p\u00e5-v\u00e4g-till-Ester\u00f6n-300x225.jpg 300w, https:\/\/www.djupvik.se\/wp-content\/uploads\/2015\/12\/Familjen-p\u00e5-v\u00e4g-till-Ester\u00f6n-768x576.jpg 768w, https:\/\/www.djupvik.se\/wp-content\/uploads\/2015\/12\/Familjen-p\u00e5-v\u00e4g-till-Ester\u00f6n-1024x768.jpg 1024w, https:\/\/www.djupvik.se\/wp-content\/uploads\/2015\/12\/Familjen-p\u00e5-v\u00e4g-till-Ester\u00f6n-624x468.jpg 624w, https:\/\/www.djupvik.se\/wp-content\/uploads\/2015\/12\/Familjen-p\u00e5-v\u00e4g-till-Ester\u00f6n.jpg 1233w\" sizes=\"(max-width: 300px) 100vw, 300px\" \/><p id=\"caption-attachment-1809\" class=\"wp-caption-text\">Alla p\u00e5 b\u00e5ten p\u00e5 v\u00e4g med kor och kalvar f\u00f6r sommarbete p\u00e5 Ester\u00f6n i Br\u00e5viken.<\/p><\/div>\n<p>Vi som driver Djupviks g\u00e5rd och bor h\u00e4r \u00e4r:<\/p>\n<p>Stina och Karl-Johan med barnen Erik, John och Sigrid.<br \/>\nStinas f\u00f6r\u00e4ldrar Magdalena och Fredrik bor och  arbetar ocks\u00e5 p\u00e5 g\u00e5rden.<br \/>\nDjupviks g\u00e5rd \u00e4r en sl\u00e4ktg\u00e5rd sedan slutet av 1600-talet och m\u00e5nga generationer p\u00e5 Magdalenas sida har bott och drivit g\u00e5rden.<\/p>\n<p>Adress:<br \/>\nDjupviks G\u00e5rd<br \/>\n618 93 Kolm\u00e5rden<\/p>\n<p>bokning@djupvik.se<\/p>\n<p>Mobil Fredrik: 070 &#8211; 839 61 97<br \/>\nMobil Stina: 070 &#8211; 232 0801<br \/>\nMobil Karl-Johan: 070 &#8211; 652 31 28<\/p>\n<div id=\"attachment_978\" style=\"width: 310px\" class=\"wp-caption alignnone\"><a href=\"http:\/\/www.djupvik.se\/wp-content\/uploads\/2015\/08\/wpid-20150823_133529.jpg\"><img aria-describedby=\"caption-attachment-978\" decoding=\"async\" loading=\"lazy\" class=\"wp-image-978 size-medium\" src=\"http:\/\/www.djupvik.se\/wp-content\/uploads\/2015\/08\/wpid-20150823_133529-300x169.jpg\" alt=\"\" width=\"300\" height=\"169\" srcset=\"https:\/\/www.djupvik.se\/wp-content\/uploads\/2015\/08\/wpid-20150823_133529-300x169.jpg 300w, https:\/\/www.djupvik.se\/wp-content\/uploads\/2015\/08\/wpid-20150823_133529-1024x576.jpg 1024w, https:\/\/www.djupvik.se\/wp-content\/uploads\/2015\/08\/wpid-20150823_133529-624x351.jpg 624w, https:\/\/www.djupvik.se\/wp-content\/uploads\/2015\/08\/wpid-20150823_133529.jpg 2000w\" sizes=\"(max-width: 300px) 100vw, 300px\" \/><\/a><p id=\"caption-attachment-978\" class=\"wp-caption-text\">Djupviks g\u00e5rd, stall och mang\u00e5rdsbyggnad<\/p><\/div>\n<p>Karta:<br \/>\n<a title=\"Google Maps\" href=\"https:\/\/goo.gl\/maps\/ePazm\" target=\"_blank\" rel=\"noopener noreferrer\">Google<\/a><br \/>\n<a title=\"Hitta.se\" href=\"http:\/\/www.hitta.se\/karta#center=6501698:1550598&amp;zl=13&amp;bounds=6018016:-279712,7967712:3652448&amp;rlm=1&amp;type=map&amp;mp=%5B%7B%20%22x%22%3A%221550552%22%2C%20%22y%22%3A%226501678%22%2C%20%22i%22%3A%22%2Fpublic%2Fimages%2Fweb%2Fmap%2Fmap-pin%2Fpoint.png%3F131211-102608%22%2C%20%22t%22%3A%22Djupviks%20G%C3%A5rd%22%7D%5D\" target=\"_blank\" rel=\"noopener noreferrer\">HItta.se<\/a><br \/>\n<span style=\"line-height:1.714285714; font-size:1rem;\">GPS:<\/span><br \/>\nRT90: X: 6501677, Y: 1550552<br \/>\nWGS84: Lat N 58\u00b0 38\u2032 5\u2033Lon E 16\u00b0 40\u2032 31\u2033<br \/>\nDecimal: 58.6347, 16.6755<\/p>\n","protected":false},"excerpt":{"rendered":"<p>Vi som driver Djupviks g\u00e5rd och bor h\u00e4r \u00e4r: Stina och Karl-Johan med barnen Erik, John och Sigrid. Stinas f\u00f6r\u00e4ldrar Magdalena och Fredrik bor och arbetar ocks\u00e5 p\u00e5 g\u00e5rden. Djupviks g\u00e5rd \u00e4r en sl\u00e4ktg\u00e5rd sedan slutet av 1600-talet och m\u00e5nga generationer p\u00e5 Magdalenas sida har bott och drivit g\u00e5rden. Adress: Djupviks G\u00e5rd 618 93 Kolm\u00e5rden [&hellip;]<\/p>\n","protected":false},"author":1,"featured_media":0,"parent":0,"menu_order":0,"comment_status":"closed","ping_status":"closed","template":"","meta":[],"_links":{"self":[{"href":"https:\/\/www.djupvik.se\/index.php?rest_route=\/wp\/v2\/pages\/58"}],"collection":[{"href":"https:\/\/www.djupvik.se\/index.php?rest_route=\/wp\/v2\/pages"}],"about":[{"href":"https:\/\/www.djupvik.se\/index.php?rest_route=\/wp\/v2\/types\/page"}],"author":[{"embeddable":true,"href":"https:\/\/www.djupvik.se\/index.php?rest_route=\/wp\/v2\/users\/1"}],"replies":[{"embeddable":true,"href":"https:\/\/www.djupvik.se\/index.php?rest_route=%2Fwp%2Fv2%2Fcomments&post=58"}],"version-history":[{"count":13,"href":"https:\/\/www.djupvik.se\/index.php?rest_route=\/wp\/v2\/pages\/58\/revisions"}],"predecessor-version":[{"id":2680,"href":"https:\/\/www.djupvik.se\/index.php?rest_route=\/wp\/v2\/pages\/58\/revisions\/2680"}],"wp:attachment":[{"href":"https:\/\/www.djupvik.se\/index.php?rest_route=%2Fwp%2Fv2%2Fmedia&parent=58"}],"curies":[{"name":"wp","href":"https:\/\/api.w.org\/{rel}","templated":true}]}}