{"id":551,"date":"2016-06-13T00:09:27","date_gmt":"2016-06-12T22:09:27","guid":{"rendered":"http:\/\/www.djupvik.se\/?page_id=551"},"modified":"2023-07-01T16:40:00","modified_gmt":"2023-07-01T14:40:00","slug":"bastu","status":"publish","type":"page","link":"https:\/\/www.djupvik.se\/?page_id=551","title":{"rendered":"Bastu"},"content":{"rendered":"<p><strong><span style=\"color: #000000;\">Den vedeldade h\u00e4rliga bastun!<\/span><\/strong><\/p>\n<p>Bastun ligger l\u00e4ngst ut p\u00e5 den gamla \u00e5ngb\u00e5tsbryggan. Perfekt n\u00e4ra ett svalkande dopp i Br\u00e5viken som har br\u00e4ckt vatten. Bada bastu \u00e4r njutbart alla \u00e5rstider, s\u00e4rskilt p\u00e5 vintern \ud83d\ude42<\/p>\n<p>Det gamla v\u00e4nthuset som tidigare var bastu \u00e4r nu flyttat och finns vid bryggans f\u00e4ste. Bastun hyres till en kostnad av 200:- per tillf\u00e4lle.<\/p>\n<p><a href=\"http:\/\/www.djupvik.se\/wp-content\/uploads\/2016\/07\/wp-image-2040410518jpg.jpg\"><img decoding=\"async\" loading=\"lazy\" class=\"size-medium wp-image-1390 alignleft\" src=\"http:\/\/www.djupvik.se\/wp-content\/uploads\/2016\/07\/wp-image-2040410518jpg-300x225.jpg\" alt=\"\" width=\"300\" height=\"225\" srcset=\"https:\/\/www.djupvik.se\/wp-content\/uploads\/2016\/07\/wp-image-2040410518jpg-300x225.jpg 300w, https:\/\/www.djupvik.se\/wp-content\/uploads\/2016\/07\/wp-image-2040410518jpg-768x576.jpg 768w, https:\/\/www.djupvik.se\/wp-content\/uploads\/2016\/07\/wp-image-2040410518jpg-1024x768.jpg 1024w, https:\/\/www.djupvik.se\/wp-content\/uploads\/2016\/07\/wp-image-2040410518jpg-624x468.jpg 624w, https:\/\/www.djupvik.se\/wp-content\/uploads\/2016\/07\/wp-image-2040410518jpg.jpg 2000w\" sizes=\"(max-width: 300px) 100vw, 300px\" \/><\/a><\/p>\n","protected":false},"excerpt":{"rendered":"<p>Den vedeldade h\u00e4rliga bastun! Bastun ligger l\u00e4ngst ut p\u00e5 den gamla \u00e5ngb\u00e5tsbryggan. Perfekt n\u00e4ra ett svalkande dopp i Br\u00e5viken som har br\u00e4ckt vatten. Bada bastu \u00e4r njutbart alla \u00e5rstider, s\u00e4rskilt p\u00e5 vintern \ud83d\ude42 Det gamla v\u00e4nthuset som tidigare var bastu \u00e4r nu flyttat och finns vid bryggans f\u00e4ste. Bastun hyres till en kostnad av 200:- [&hellip;]<\/p>\n","protected":false},"author":1,"featured_media":0,"parent":0,"menu_order":0,"comment_status":"open","ping_status":"open","template":"","meta":[],"_links":{"self":[{"href":"https:\/\/www.djupvik.se\/index.php?rest_route=\/wp\/v2\/pages\/551"}],"collection":[{"href":"https:\/\/www.djupvik.se\/index.php?rest_route=\/wp\/v2\/pages"}],"about":[{"href":"https:\/\/www.djupvik.se\/index.php?rest_route=\/wp\/v2\/types\/page"}],"author":[{"embeddable":true,"href":"https:\/\/www.djupvik.se\/index.php?rest_route=\/wp\/v2\/users\/1"}],"replies":[{"embeddable":true,"href":"https:\/\/www.djupvik.se\/index.php?rest_route=%2Fwp%2Fv2%2Fcomments&post=551"}],"version-history":[{"count":8,"href":"https:\/\/www.djupvik.se\/index.php?rest_route=\/wp\/v2\/pages\/551\/revisions"}],"predecessor-version":[{"id":2694,"href":"https:\/\/www.djupvik.se\/index.php?rest_route=\/wp\/v2\/pages\/551\/revisions\/2694"}],"wp:attachment":[{"href":"https:\/\/www.djupvik.se\/index.php?rest_route=%2Fwp%2Fv2%2Fmedia&parent=551"}],"curies":[{"name":"wp","href":"https:\/\/api.w.org\/{rel}","templated":true}]}}