{"id":293,"date":"2015-10-01T01:42:33","date_gmt":"2015-09-30T23:42:33","guid":{"rendered":"http:\/\/www.djupvik.se\/new\/?page_id=293"},"modified":"2023-07-01T16:45:45","modified_gmt":"2023-07-01T14:45:45","slug":"ko-kryssning-med-koslapp","status":"publish","type":"page","link":"https:\/\/www.djupvik.se\/?page_id=293","title":{"rendered":"Ko-kryssning med kosl\u00e4pp eller koh\u00e4mtning!"},"content":{"rendered":"<p><strong>UPPLEVELSEPAKET<a href=\"http:\/\/www.djupvik.se\/wp-content\/uploads\/2015\/10\/Estser\u00f6n-tre.jpg\"><img decoding=\"async\" loading=\"lazy\" class=\"alignright size-medium wp-image-1805\" src=\"http:\/\/www.djupvik.se\/wp-content\/uploads\/2015\/10\/Estser\u00f6n-tre-300x225.jpg\" alt=\"\" width=\"300\" height=\"225\" srcset=\"https:\/\/www.djupvik.se\/wp-content\/uploads\/2015\/10\/Estser\u00f6n-tre-300x225.jpg 300w, https:\/\/www.djupvik.se\/wp-content\/uploads\/2015\/10\/Estser\u00f6n-tre-768x576.jpg 768w, https:\/\/www.djupvik.se\/wp-content\/uploads\/2015\/10\/Estser\u00f6n-tre-1024x768.jpg 1024w, https:\/\/www.djupvik.se\/wp-content\/uploads\/2015\/10\/Estser\u00f6n-tre-624x468.jpg 624w, https:\/\/www.djupvik.se\/wp-content\/uploads\/2015\/10\/Estser\u00f6n-tre.jpg 1233w\" sizes=\"(max-width: 300px) 100vw, 300px\" \/><\/a><\/strong><\/p>\n<p>KO-SL\u00c4PP med KO-KRYSS<br \/>\n<span style=\"line-height: 1.71429; font-size: 1rem;\">2 \u00f6vernattningar i stuga med frukost, lakan och handdukar. \u201dKo-kryssning\u201d= kosl\u00e4pp\u00a0eller koh\u00e4mtning\u00a0och b\u00e5ttur med mats\u00e4ckskorg.<\/span><strong><br \/>\n<\/strong><\/p>\n<p>En st\u00e5tlig tjur med sina kor och \u00e5rets kalvar av rasen Hereford betar p\u00e5 den vackra \u00f6n Ester\u00f6n. Varje \u00e5r l\u00e4mnas de i maj och h\u00e4mtas i oktober.<\/p>\n<p><strong>Programf\u00f6rslag &#8221;kokryss&#8221;\u00a0<a href=\"http:\/\/www.djupvik.se\/wp-content\/uploads\/2015\/10\/P\u00e5-f\u00e4rjan-1.jpg\"><img decoding=\"async\" loading=\"lazy\" class=\"alignright size-medium wp-image-1806\" src=\"http:\/\/www.djupvik.se\/wp-content\/uploads\/2015\/10\/P\u00e5-f\u00e4rjan-1-300x225.jpg\" alt=\"\" width=\"300\" height=\"225\" \/><\/a><br \/>\n<\/strong>Ko-kryssningen \u00e4ger oftast rum i b\u00f6rjan av maj eller i oktober.<\/p>\n<p>Fredag: V\u00e4lkommen fr\u00e5n 15.00. Sov gott i n\u00e5gon av v\u00e5ra stugor.<\/p>\n<p>L\u00f6rdag: I maj \u00e4r du med och motar kor och kalvar p\u00e5 ko-f\u00e4rjan. I oktober avg\u00e5r f\u00e4rjan utan djur mot \u00f6n f\u00f6r att h\u00e4mta djuren d\u00e4r. D\u00e4refter avg\u00e5r b\u00e5t med f\u00e4rja mot den vackra \u00f6n, Ester\u00f6n i Br\u00e5viken. P\u00e5 b\u00e5ten \u00e4ter vi en god ekologisk frukost. Turen till \u00f6n tar cirka 2 <a href=\"http:\/\/www.djupvik.se\/wp-content\/uploads\/2015\/10\/Krama-en-ek.jpg\"><img decoding=\"async\" loading=\"lazy\" class=\"alignright size-medium wp-image-1807\" src=\"http:\/\/www.djupvik.se\/wp-content\/uploads\/2015\/10\/Krama-en-ek-225x300.jpg\" alt=\"\" width=\"225\" height=\"300\" srcset=\"https:\/\/www.djupvik.se\/wp-content\/uploads\/2015\/10\/Krama-en-ek-225x300.jpg 225w, https:\/\/www.djupvik.se\/wp-content\/uploads\/2015\/10\/Krama-en-ek-624x832.jpg 624w, https:\/\/www.djupvik.se\/wp-content\/uploads\/2015\/10\/Krama-en-ek.jpg 694w\" sizes=\"(max-width: 225px) 100vw, 225px\" \/><\/a>timmar beroende p\u00e5 vind och v\u00e4der. Vi passerar vackra hus, skog, Vildmarkshotellet och Kolm\u00e5rdens djurpark d\u00e4r vi kan se bergochdalbanan WILDFIRE!<br \/>\nFramme p\u00e5 Ester\u00f6n sl\u00e4pper vi kor och kalvar p\u00e5 gr\u00f6nbetet, bland gullvivor, vitsippor och gamla vackra ekar i maj. I oktober njuter vi av vackra h\u00f6stf\u00e4rger och \u00e4ven d\u00e5 naturen p\u00e5 \u00f6n. Vi motar p\u00e5 korna p\u00e5 f\u00e4rjan\/pr\u00e5men och \u00e5ker hem\u00e5t. Tur tillbaka tar cirka 2 timmar och vi passar p\u00e5 att \u00e4ta mats\u00e4ck p\u00e5 turen hem. V\u00e4l hemma brukar det vara sk\u00f6nt med en lugn eftermiddag men andra m\u00f6jligheter finns f\u00f6rs\u00e5s!<\/p>\n<p>S\u00f6ndag: S\u00f6ndagsfrukost, kanske en roddtur eller promenad innan utcheckning 12.00<\/p>\n<p><em>Information: Begr\u00e4nsat antal platser. Kl\u00e4dsel efter v\u00e4der. Mycket utevistelse och promenad. Flytv\u00e4star finns. M\u00f6jlighet finns att best\u00e4lla sup\u00e9\/kv\u00e4llm\u00e5ltid vid ankomst, bastu, ridning mm. Reservation f\u00f6r \u00e4ndringar.<\/em><\/p>\n<p><strong>V\u00e4lkommen!<\/strong><\/p>\n<p>bokning@djupvik.se<\/p>\n","protected":false},"excerpt":{"rendered":"<p>UPPLEVELSEPAKET KO-SL\u00c4PP med KO-KRYSS 2 \u00f6vernattningar i stuga med frukost, lakan och handdukar. \u201dKo-kryssning\u201d= kosl\u00e4pp\u00a0eller koh\u00e4mtning\u00a0och b\u00e5ttur med mats\u00e4ckskorg. En st\u00e5tlig tjur med sina kor och \u00e5rets kalvar av rasen Hereford betar p\u00e5 den vackra \u00f6n Ester\u00f6n. Varje \u00e5r l\u00e4mnas de i maj och h\u00e4mtas i oktober. Programf\u00f6rslag &#8221;kokryss&#8221;\u00a0 Ko-kryssningen \u00e4ger oftast rum i b\u00f6rjan [&hellip;]<\/p>\n","protected":false},"author":2,"featured_media":0,"parent":0,"menu_order":0,"comment_status":"closed","ping_status":"closed","template":"","meta":[],"_links":{"self":[{"href":"https:\/\/www.djupvik.se\/index.php?rest_route=\/wp\/v2\/pages\/293"}],"collection":[{"href":"https:\/\/www.djupvik.se\/index.php?rest_route=\/wp\/v2\/pages"}],"about":[{"href":"https:\/\/www.djupvik.se\/index.php?rest_route=\/wp\/v2\/types\/page"}],"author":[{"embeddable":true,"href":"https:\/\/www.djupvik.se\/index.php?rest_route=\/wp\/v2\/users\/2"}],"replies":[{"embeddable":true,"href":"https:\/\/www.djupvik.se\/index.php?rest_route=%2Fwp%2Fv2%2Fcomments&post=293"}],"version-history":[{"count":17,"href":"https:\/\/www.djupvik.se\/index.php?rest_route=\/wp\/v2\/pages\/293\/revisions"}],"predecessor-version":[{"id":2696,"href":"https:\/\/www.djupvik.se\/index.php?rest_route=\/wp\/v2\/pages\/293\/revisions\/2696"}],"wp:attachment":[{"href":"https:\/\/www.djupvik.se\/index.php?rest_route=%2Fwp%2Fv2%2Fmedia&parent=293"}],"curies":[{"name":"wp","href":"https:\/\/api.w.org\/{rel}","templated":true}]}}