{"id":124,"date":"2014-02-02T15:07:58","date_gmt":"2014-02-02T14:07:58","guid":{"rendered":"http:\/\/www.djupvik.se\/new\/?page_id=124"},"modified":"2018-04-06T18:28:40","modified_gmt":"2018-04-06T16:28:40","slug":"praktisk-info","status":"publish","type":"page","link":"https:\/\/www.djupvik.se\/?page_id=124","title":{"rendered":"Praktisk info"},"content":{"rendered":"<p>Mataff\u00e4rer:<br \/>\n&#8211; <a href=\"http:\/\/www.coop.se\/Butiker-varor--erbjudanden\/Butiker-import\/Coop-Nara\/Coop-Nara-Navekvarn\/\" target=\"_blank\" rel=\"noopener\">Coop N\u00e4vekvarn<\/a> 9,6km<br \/>\n&#8211; <a href=\"http:\/\/www.ica.se\/butiker\/nara\/norrkoping\/ica-nara-delfinen-2179\/start\/\" target=\"_blank\" rel=\"noopener\">ICA<\/a> och <a href=\"http:\/\/www.coop.se\/Butiker-varor--erbjudanden\/Butiker-import\/Coop-Konsum\/Coop-Konsum-Krokek\/\" target=\"_blank\" rel=\"noopener\">Coop<\/a> Krokek 23km<br \/>\n&#8211; <a href=\"http:\/\/www.ica.se\/butiker\/supermarket\/norrkoping\/ica-supermarket-ostra-husby-2180\/start\/\" target=\"_blank\" rel=\"noopener\">ICA \u00d6.Husby<\/a> 16km (f\u00e4rja)<\/p>\n<p><a href=\"http:\/\/www.trafikverket.se\/Farja\/Farjeleder\/Farjeleder-i-ditt-lan\/Farjeleder-i-Ostergotlands-lan\/Skenasleden\/Tidtabell-Skenasleden\/\/\" target=\"_blank\" rel=\"noopener\">Tidtabell f\u00f6r trafikverkets kostnadsfria f\u00e4rja \u00f6ver Br\u00e5viken&nbsp;mellan Kvarsebo och Sken\u00e4s<\/a><\/p>\n<p>Apotek<br \/>\n&#8211; <a href=\"http:\/\/www.apoteksinfo.nu\/apotek\/apotek_hj%C3%A4rtat_vikbolandet_%C3%B6stra_husby_vikbolandet-186\" target=\"_blank\" rel=\"noopener\">Apotek \u00d6. Husby<\/a> 16km (f\u00e4rja)<br \/>\n&#8211; <a href=\"http:\/\/www.apoteksinfo.nu\/apotek\/apoteket_eken_kolm%C3%A5rden-277\" target=\"_blank\" rel=\"noopener\">Apotek Krokek<\/a> 23km<\/p>\n<p>Turistinfo<br \/>\n&#8211; <a href=\"http:\/\/www.nykopingsguiden.se\/sv\/Om-Nykoping\/Turistinformation\/\" target=\"_blank\" rel=\"noopener\">Nyk\u00f6pings turistbyr\u00e5 Stora torget<\/a> 37km<br \/>\n&#8211; <a href=\"http:\/\/www.nykopingsguiden.se\/sv\/Om-Nykoping\/Turistinformation\/\" target=\"_blank\" rel=\"noopener\">Nyk\u00f6pings turistbyr\u00e5 Skavsta<\/a> 42km<br \/>\n&#8211; <a href=\"http:\/\/www.upplev.norrkoping.se\/\" target=\"_blank\" rel=\"noopener\">Norrk\u00f6pings turistbyr\u00e5<\/a> 38km<\/p>\n<p>Restauranger<br \/>\n&#8211; <a href=\"http:\/\/www.stjarnholm.se\/\">Stj\u00e4rnholm<\/a> 30km<br \/>\n&#8211; <a href=\"http:\/\/sjostugankolmarden.se\/\" target=\"_blank\" rel=\"noopener\">Sj\u00f6stugan<\/a> 20km<br \/>\n&#8211; Krokeks pizzeria 23km<br \/>\n&#8211; Pizzeria Delfinen Krokek 23km<\/p>\n","protected":false},"excerpt":{"rendered":"<p>Mataff\u00e4rer: &#8211; Coop N\u00e4vekvarn 9,6km &#8211; ICA och Coop Krokek 23km &#8211; ICA \u00d6.Husby 16km (f\u00e4rja) Tidtabell f\u00f6r trafikverkets kostnadsfria f\u00e4rja \u00f6ver Br\u00e5viken&nbsp;mellan Kvarsebo och Sken\u00e4s Apotek &#8211; Apotek \u00d6. Husby 16km (f\u00e4rja) &#8211; Apotek Krokek 23km Turistinfo &#8211; Nyk\u00f6pings turistbyr\u00e5 Stora torget 37km &#8211; Nyk\u00f6pings turistbyr\u00e5 Skavsta 42km &#8211; Norrk\u00f6pings turistbyr\u00e5 38km Restauranger &#8211; [&hellip;]<\/p>\n","protected":false},"author":1,"featured_media":0,"parent":0,"menu_order":0,"comment_status":"closed","ping_status":"closed","template":"","meta":[],"_links":{"self":[{"href":"https:\/\/www.djupvik.se\/index.php?rest_route=\/wp\/v2\/pages\/124"}],"collection":[{"href":"https:\/\/www.djupvik.se\/index.php?rest_route=\/wp\/v2\/pages"}],"about":[{"href":"https:\/\/www.djupvik.se\/index.php?rest_route=\/wp\/v2\/types\/page"}],"author":[{"embeddable":true,"href":"https:\/\/www.djupvik.se\/index.php?rest_route=\/wp\/v2\/users\/1"}],"replies":[{"embeddable":true,"href":"https:\/\/www.djupvik.se\/index.php?rest_route=%2Fwp%2Fv2%2Fcomments&post=124"}],"version-history":[{"count":8,"href":"https:\/\/www.djupvik.se\/index.php?rest_route=\/wp\/v2\/pages\/124\/revisions"}],"predecessor-version":[{"id":2049,"href":"https:\/\/www.djupvik.se\/index.php?rest_route=\/wp\/v2\/pages\/124\/revisions\/2049"}],"wp:attachment":[{"href":"https:\/\/www.djupvik.se\/index.php?rest_route=%2Fwp%2Fv2%2Fmedia&parent=124"}],"curies":[{"name":"wp","href":"https:\/\/api.w.org\/{rel}","templated":true}]}}