{"id":122,"date":"2015-11-23T12:30:15","date_gmt":"2015-11-23T11:30:15","guid":{"rendered":"http:\/\/www.djupvik.se\/new\/?page_id=122"},"modified":"2023-07-01T16:55:51","modified_gmt":"2023-07-01T14:55:51","slug":"forsaljning","status":"publish","type":"page","link":"https:\/\/www.djupvik.se\/?page_id=122","title":{"rendered":"F\u00f6rs\u00e4ljning"},"content":{"rendered":"<p><strong>K\u00f6p Krav-m\u00e4rkt n\u00f6tk\u00f6tt fr\u00e5n Djupviks g\u00e5rd!<\/p>\n<p><\/strong>L\u00e5dor om 20-30 kg, inneh\u00e5ller blandade delar- h\u00e4lften k\u00f6ttf\u00e4rs och h\u00e4lften finare k\u00f6ttbitar.<br \/>\nDjuren slaktas lokalt och k\u00f6ttet h\u00e4ngm\u00f6ras i 10-12 dagar.<br \/>\nLeverans mot Norrk\u00f6ping\/Link\u00f6ping, Stockholm\/Uppsala kan ordnas.<br \/>\nPris: Kontakta Fredrik f\u00f6r pris<\/p>\n<p><strong>V\u00e4lkommen med en f\u00f6rfr\u00e5gan.<\/strong><br \/>\n<span style=\"font-size: 1rem;\">Kontakt:<\/span><br \/>\n<span style=\"font-size: 1rem;\">info@djupvik.se<\/span><br \/>\n<span style=\"font-size: 1rem;\">070-839 61 97<\/span><br \/>\n<span style=\"font-size: 1rem;\">facebook: @djupviksgard<\/span><br \/>\n<span style=\"font-size: 1rem;\">Magdalena och Fredrik<\/span><\/p>\n<p><strong>Snickeri p\u00e5 g\u00e5rden<\/strong><br \/>\nKarl-Johan \u00e4r finsnickare och har sin<br \/>\nverkstad p\u00e5 g\u00e5rden. L\u00e4s mer p\u00e5 hans sida<br \/>\n<a href=\"http:\/\/www.khe.se\">http:\/\/www.khe.se<\/a><br \/>\nintagram:@produktionsbolagetk<\/p>\n<p><a href=\"http:\/\/www.djupvik.se\/wp-content\/uploads\/2014\/02\/All\u00e9-av-Magdalena-Svahn.jpg\"><img decoding=\"async\" loading=\"lazy\" class=\"wp-image-438 alignright\" src=\"http:\/\/www.djupvik.se\/wp-content\/uploads\/2014\/02\/All\u00e9-av-Magdalena-Svahn.jpg\" alt=\"All\u00e9 av Magdalena Svahn\" width=\"332\" height=\"442\" srcset=\"https:\/\/www.djupvik.se\/wp-content\/uploads\/2014\/02\/All\u00e9-av-Magdalena-Svahn.jpg 768w, https:\/\/www.djupvik.se\/wp-content\/uploads\/2014\/02\/All\u00e9-av-Magdalena-Svahn-225x300.jpg 225w, https:\/\/www.djupvik.se\/wp-content\/uploads\/2014\/02\/All\u00e9-av-Magdalena-Svahn-624x832.jpg 624w\" sizes=\"(max-width: 332px) 100vw, 332px\" \/><\/a><\/p>\n<div id=\"attachment_1146\" style=\"width: 310px\" class=\"wp-caption alignright\"><a href=\"http:\/\/www.djupvik.se\/wp-content\/uploads\/2015\/11\/Tavla_djupvik.jpg\"><img aria-describedby=\"caption-attachment-1146\" decoding=\"async\" loading=\"lazy\" class=\"wp-image-1146 size-medium\" src=\"http:\/\/www.djupvik.se\/wp-content\/uploads\/2015\/11\/Tavla_djupvik-300x225.jpg\" alt=\"\" width=\"300\" height=\"225\" srcset=\"https:\/\/www.djupvik.se\/wp-content\/uploads\/2015\/11\/Tavla_djupvik-300x225.jpg 300w, https:\/\/www.djupvik.se\/wp-content\/uploads\/2015\/11\/Tavla_djupvik-768x576.jpg 768w, https:\/\/www.djupvik.se\/wp-content\/uploads\/2015\/11\/Tavla_djupvik-624x468.jpg 624w, https:\/\/www.djupvik.se\/wp-content\/uploads\/2015\/11\/Tavla_djupvik.jpg 1000w\" sizes=\"(max-width: 300px) 100vw, 300px\" \/><\/a><p id=\"caption-attachment-1146\" class=\"wp-caption-text\">Djupvik i akryl av Magdalena<\/p><\/div>\n<p><strong>Konst och konsthantverk<\/strong><br \/>\nMagdalena m\u00e5lar tavlor i akvarell och akryl. Naturen, h\u00e4star och andra djur p\u00e5 g\u00e5rden \u00e4r ofta inspirationen. Portr\u00e4tt och g\u00e5rdsskyltar m\u00e5lar hon g\u00e4rna.<br \/>\n<span style=\"font-size: 1rem;\">Kontakta oss g\u00e4rna f\u00f6r mer information<\/span><br \/>\n<span style=\"font-size: 1rem;\">Fredrik 0708-396 197<\/span><br \/>\n<span style=\"font-size: 1rem;\">Magdalena 0736-326 463<\/span><br \/>\ninfo@djupvik.se<\/p>\n<p>Hantverk i ull, skinn och silver finns p\u00e5 g\u00e5ngavst\u00e5nd och g\u00e5rdsf\u00f6rs\u00e4ljning av honung, gr\u00f6nsaker och \u00e4gg bara ett par kilometer.<\/p>\n<p>H\u00e4r visas n\u00e5gra av Karin Rappes underbara m\u00f6ssor och sockor!<\/p>\n<div id=\"attachment_1634\" style=\"width: 273px\" class=\"wp-caption alignright\"><a href=\"http:\/\/www.djupvik.se\/wp-content\/uploads\/2017\/02\/wp-1487092979686.jpg\"><img aria-describedby=\"caption-attachment-1634\" decoding=\"async\" loading=\"lazy\" class=\"wp-image-1634 size-medium\" src=\"http:\/\/www.djupvik.se\/wp-content\/uploads\/2017\/02\/wp-1487092979686-263x300.jpg\" alt=\"\" width=\"263\" height=\"300\" srcset=\"https:\/\/www.djupvik.se\/wp-content\/uploads\/2017\/02\/wp-1487092979686-263x300.jpg 263w, https:\/\/www.djupvik.se\/wp-content\/uploads\/2017\/02\/wp-1487092979686-624x713.jpg 624w, https:\/\/www.djupvik.se\/wp-content\/uploads\/2017\/02\/wp-1487092979686.jpg 700w\" sizes=\"(max-width: 263px) 100vw, 263px\" \/><\/a><p id=\"caption-attachment-1634\" class=\"wp-caption-text\">M\u00f6ssa med ridponnyhingsten Valdo \ud83d\ude42<\/p><\/div>\n<p><a href=\"http:\/\/www.djupvik.se\/wp-content\/uploads\/2017\/02\/img_20170214_175345.jpg\"><img decoding=\"async\" loading=\"lazy\" class=\"size-medium wp-image-1631 alignleft\" src=\"http:\/\/www.djupvik.se\/wp-content\/uploads\/2017\/02\/img_20170214_175345-300x225.jpg\" alt=\"\" width=\"300\" height=\"225\" srcset=\"https:\/\/www.djupvik.se\/wp-content\/uploads\/2017\/02\/img_20170214_175345-300x225.jpg 300w, https:\/\/www.djupvik.se\/wp-content\/uploads\/2017\/02\/img_20170214_175345-624x468.jpg 624w, https:\/\/www.djupvik.se\/wp-content\/uploads\/2017\/02\/img_20170214_175345.jpg 700w\" sizes=\"(max-width: 300px) 100vw, 300px\" \/><\/a><\/p>\n","protected":false},"excerpt":{"rendered":"<p>K\u00f6p Krav-m\u00e4rkt n\u00f6tk\u00f6tt fr\u00e5n Djupviks g\u00e5rd! L\u00e5dor om 20-30 kg, inneh\u00e5ller blandade delar- h\u00e4lften k\u00f6ttf\u00e4rs och h\u00e4lften finare k\u00f6ttbitar. Djuren slaktas lokalt och k\u00f6ttet h\u00e4ngm\u00f6ras i 10-12 dagar. Leverans mot Norrk\u00f6ping\/Link\u00f6ping, Stockholm\/Uppsala kan ordnas. Pris: Kontakta Fredrik f\u00f6r pris V\u00e4lkommen med en f\u00f6rfr\u00e5gan. Kontakt: info@djupvik.se 070-839 61 97 facebook: @djupviksgard Magdalena och Fredrik Snickeri p\u00e5 [&hellip;]<\/p>\n","protected":false},"author":1,"featured_media":0,"parent":0,"menu_order":0,"comment_status":"closed","ping_status":"closed","template":"","meta":[],"_links":{"self":[{"href":"https:\/\/www.djupvik.se\/index.php?rest_route=\/wp\/v2\/pages\/122"}],"collection":[{"href":"https:\/\/www.djupvik.se\/index.php?rest_route=\/wp\/v2\/pages"}],"about":[{"href":"https:\/\/www.djupvik.se\/index.php?rest_route=\/wp\/v2\/types\/page"}],"author":[{"embeddable":true,"href":"https:\/\/www.djupvik.se\/index.php?rest_route=\/wp\/v2\/users\/1"}],"replies":[{"embeddable":true,"href":"https:\/\/www.djupvik.se\/index.php?rest_route=%2Fwp%2Fv2%2Fcomments&post=122"}],"version-history":[{"count":45,"href":"https:\/\/www.djupvik.se\/index.php?rest_route=\/wp\/v2\/pages\/122\/revisions"}],"predecessor-version":[{"id":2698,"href":"https:\/\/www.djupvik.se\/index.php?rest_route=\/wp\/v2\/pages\/122\/revisions\/2698"}],"wp:attachment":[{"href":"https:\/\/www.djupvik.se\/index.php?rest_route=%2Fwp%2Fv2%2Fmedia&parent=122"}],"curies":[{"name":"wp","href":"https:\/\/api.w.org\/{rel}","templated":true}]}}