{"id":117,"date":"2014-02-02T14:42:01","date_gmt":"2014-02-02T13:42:01","guid":{"rendered":"http:\/\/www.djupvik.se\/new\/?page_id=117"},"modified":"2018-04-06T19:18:30","modified_gmt":"2018-04-06T17:18:30","slug":"bat","status":"publish","type":"page","link":"https:\/\/www.djupvik.se\/?page_id=117","title":{"rendered":"B\u00e5t"},"content":{"rendered":"<p>Br\u00e5viken \u00e4r en vik av \u00d6stersj\u00f6n och i farleden utanf\u00f6r g\u00e5rden \u00e4r en av de djupaste st\u00e4llena. Vid bryggans utsida m\u00e4ter djupet 4 meter vilket l\u00e4mpar sig bra n\u00e4r segelb\u00e5tar l\u00e4gger till. L\u00e4ngst in i viken \u00e4r det mycket l\u00e5nggrunt och barnv\u00e4nligt och p\u00e5 sommaren blir vattnet snabbt ljummet. P\u00e5 vintern fryser isen snabbt och det passar bra f\u00f6r skridsko\u00e5kning.<\/p>\n<p>De tre Djupviksholmarna ligger precis utanf\u00f6r g\u00e5rden och en roddtur dit tar ca 20 min. Det \u00e4r en h\u00e4rlig tur att ta med en picnickorg, ro till \u00f6n och sola p\u00e5 de varma klipporna.<\/p>\n<p>Fr\u00e5ga oss g\u00e4rna om b\u00e5tar, kanoter och m\u00f6jligheter!<\/p>\n<p><img decoding=\"async\" loading=\"lazy\" class=\" wp-image-160 alignnone\" style=\"border: 2px solid black;\" src=\"http:\/\/www.djupvik.se\/wp-content\/uploads\/2014\/03\/Bat-300x193.png\" alt=\"Bat\" width=\"350\" height=\"250\"><\/p>\n<p>&nbsp;<\/p>\n<p>&nbsp;<\/p>\n","protected":false},"excerpt":{"rendered":"<p>Br\u00e5viken \u00e4r en vik av \u00d6stersj\u00f6n och i farleden utanf\u00f6r g\u00e5rden \u00e4r en av de djupaste st\u00e4llena. Vid bryggans utsida m\u00e4ter djupet 4 meter vilket l\u00e4mpar sig bra n\u00e4r segelb\u00e5tar l\u00e4gger till. L\u00e4ngst in i viken \u00e4r det mycket l\u00e5nggrunt och barnv\u00e4nligt och p\u00e5 sommaren blir vattnet snabbt ljummet. P\u00e5 vintern fryser isen snabbt och [&hellip;]<\/p>\n","protected":false},"author":1,"featured_media":0,"parent":0,"menu_order":0,"comment_status":"closed","ping_status":"closed","template":"","meta":[],"_links":{"self":[{"href":"https:\/\/www.djupvik.se\/index.php?rest_route=\/wp\/v2\/pages\/117"}],"collection":[{"href":"https:\/\/www.djupvik.se\/index.php?rest_route=\/wp\/v2\/pages"}],"about":[{"href":"https:\/\/www.djupvik.se\/index.php?rest_route=\/wp\/v2\/types\/page"}],"author":[{"embeddable":true,"href":"https:\/\/www.djupvik.se\/index.php?rest_route=\/wp\/v2\/users\/1"}],"replies":[{"embeddable":true,"href":"https:\/\/www.djupvik.se\/index.php?rest_route=%2Fwp%2Fv2%2Fcomments&post=117"}],"version-history":[{"count":6,"href":"https:\/\/www.djupvik.se\/index.php?rest_route=\/wp\/v2\/pages\/117\/revisions"}],"predecessor-version":[{"id":2054,"href":"https:\/\/www.djupvik.se\/index.php?rest_route=\/wp\/v2\/pages\/117\/revisions\/2054"}],"wp:attachment":[{"href":"https:\/\/www.djupvik.se\/index.php?rest_route=%2Fwp%2Fv2%2Fmedia&parent=117"}],"curies":[{"name":"wp","href":"https:\/\/api.w.org\/{rel}","templated":true}]}}